{"id":347,"date":"2020-05-17T22:50:55","date_gmt":"2020-05-17T20:50:55","guid":{"rendered":"https:\/\/www.spacesecurity.info\/?page_id=347"},"modified":"2020-05-18T01:00:32","modified_gmt":"2020-05-17T23:00:32","slug":"contact","status":"publish","type":"page","link":"https:\/\/www.spacesecurity.info\/en\/contact\/","title":{"rendered":"Contact"},"content":{"rendered":"<p><strong>Important information before contacting us<\/strong><\/p>\n<p>To find out who we are and what the purpose of the site is, we suggest you read the &#8220;<strong>About us<\/strong>&#8221; page.<\/p>\n<p>If you have ideas to share with us, subjects to propose, a project to present to us, a question to ask us or if you simply want to send us a message of support, then this form is made for that.<\/p>\n<p>We read all the messages we receive and we try, as far as possible, to answer systematically. If the topics we receive are in line with the editorial line of the site, then they may be published.<\/p>\n<p>If you have expertise in the field of space security, please contact us so that we can exchange. We are not experts in all fields and we are constantly seeking to learn and to be enriched by the knowledge of others.\u00a0If you feel like a writer, we may even welcome you as occasional or even regular writers.<\/p>\n<p>If you have a question about an article or reactions to it, we advise you to write them in the &#8220;comments&#8221; section below the article.<\/p>\n<p>Finally, if you have a general question or suggestions about the site, please do not hesitate to contact us. We will be happy to answer you.<\/p>\n<p><strong>Contact Form<\/strong><\/p>\n\n<div class=\"wpcf7 no-js\" id=\"wpcf7-f350-o1\" lang=\"fr-FR\" dir=\"ltr\" data-wpcf7-id=\"350\">\n<div class=\"screen-reader-response\"><p role=\"status\" aria-live=\"polite\" aria-atomic=\"true\"><\/p> <ul><\/ul><\/div>\n<form action=\"\/en\/wp-json\/wp\/v2\/pages\/347#wpcf7-f350-o1\" method=\"post\" class=\"wpcf7-form init\" aria-label=\"Formulaire de contact\" enctype=\"multipart\/form-data\" novalidate=\"novalidate\" data-status=\"init\">\n<fieldset class=\"hidden-fields-container\"><input type=\"hidden\" name=\"_wpcf7\" value=\"350\" \/><input type=\"hidden\" name=\"_wpcf7_version\" value=\"6.1.5\" \/><input type=\"hidden\" name=\"_wpcf7_locale\" value=\"fr_FR\" \/><input type=\"hidden\" name=\"_wpcf7_unit_tag\" value=\"wpcf7-f350-o1\" \/><input type=\"hidden\" name=\"_wpcf7_container_post\" value=\"0\" \/><input type=\"hidden\" name=\"_wpcf7_posted_data_hash\" value=\"\" \/><input type=\"hidden\" name=\"_wpcf7_recaptcha_response\" value=\"\" \/>\n<\/fieldset>\n<p><label> Your first and last name (mandatory)<br \/>\n<span class=\"wpcf7-form-control-wrap\" data-name=\"your-name\"><input size=\"40\" maxlength=\"400\" class=\"wpcf7-form-control wpcf7-text wpcf7-validates-as-required\" aria-required=\"true\" aria-invalid=\"false\" value=\"\" type=\"text\" name=\"your-name\" \/><\/span> <\/label>\n<\/p>\n<p><label> Your email (mandatory)<br \/>\n<span class=\"wpcf7-form-control-wrap\" data-name=\"your-email\"><input size=\"40\" maxlength=\"400\" class=\"wpcf7-form-control wpcf7-email wpcf7-validates-as-required wpcf7-text wpcf7-validates-as-email\" aria-required=\"true\" aria-invalid=\"false\" value=\"\" type=\"email\" name=\"your-email\" \/><\/span> <\/label>\n<\/p>\n<p><label> Subject (mandatory)<br \/>\n<span class=\"wpcf7-form-control-wrap\" data-name=\"your-subject\"><input size=\"40\" maxlength=\"400\" class=\"wpcf7-form-control wpcf7-text wpcf7-validates-as-required\" aria-required=\"true\" aria-invalid=\"false\" value=\"\" type=\"text\" name=\"your-subject\" \/><\/span> <\/label>\n<\/p>\n<p><label> Your message<br \/>\n<span class=\"wpcf7-form-control-wrap\" data-name=\"your-message\"><textarea cols=\"40\" rows=\"10\" maxlength=\"2000\" class=\"wpcf7-form-control wpcf7-textarea\" aria-invalid=\"false\" name=\"your-message\"><\/textarea><\/span> <\/label>\n<\/p>\n<p><label> Attach a file (max size : 2 Mo)<br \/>\n<span class=\"wpcf7-form-control-wrap\" data-name=\"your-file-1\"><input size=\"40\" class=\"wpcf7-form-control wpcf7-file\" accept=\"audio\/*,video\/*,image\/*\" aria-invalid=\"false\" type=\"file\" name=\"your-file-1\" \/><\/span> <\/label>\n<\/p>\n<p><label> Attach a file (max size : 2 Mo)<br \/>\n<span class=\"wpcf7-form-control-wrap\" data-name=\"your-file-2\"><input size=\"40\" class=\"wpcf7-form-control wpcf7-file\" accept=\"audio\/*,video\/*,image\/*\" aria-invalid=\"false\" type=\"file\" name=\"your-file-2\" \/><\/span> <\/label>\n<\/p>\n<p><label> Attach a file (max size : 2 Mo)<br \/>\n<span class=\"wpcf7-form-control-wrap\" data-name=\"your-file-3\"><input size=\"40\" class=\"wpcf7-form-control wpcf7-file\" accept=\"audio\/*,video\/*,image\/*\" aria-invalid=\"false\" type=\"file\" name=\"your-file-3\" \/><\/span> <\/label>\n<\/p>\n<p><label> Attach a file (max size : 2 Mo)<br \/>\n<span class=\"wpcf7-form-control-wrap\" data-name=\"your-file-4\"><input size=\"40\" class=\"wpcf7-form-control wpcf7-file\" accept=\"audio\/*,video\/*,image\/*\" aria-invalid=\"false\" type=\"file\" name=\"your-file-4\" \/><\/span> <\/label>\n<\/p>\n<p><label> Attach a file (max size : 2 Mo)<br \/>\n<span class=\"wpcf7-form-control-wrap\" data-name=\"your-file-5\"><input size=\"40\" class=\"wpcf7-form-control wpcf7-file\" accept=\"audio\/*,video\/*,image\/*\" aria-invalid=\"false\" type=\"file\" name=\"your-file-5\" \/><\/span> <\/label>\n<\/p>\n<p><input class=\"wpcf7-form-control wpcf7-submit has-spinner\" type=\"submit\" value=\"Submit\" \/>\n<\/p><p style=\"display: none !important;\" class=\"akismet-fields-container\" data-prefix=\"_wpcf7_ak_\"><label>&#916;<textarea name=\"_wpcf7_ak_hp_textarea\" cols=\"45\" rows=\"8\" maxlength=\"100\"><\/textarea><\/label><input type=\"hidden\" id=\"ak_js_1\" name=\"_wpcf7_ak_js\" value=\"6\"\/><script>document.getElementById( \"ak_js_1\" ).setAttribute( \"value\", ( new Date() ).getTime() );<\/script><\/p><div class=\"wpcf7-response-output\" aria-hidden=\"true\"><\/div>\n<\/form>\n<\/div>\n\n","protected":false},"excerpt":{"rendered":"<p>Important information before contacting us To find out who we are and what the purpose of the site is, we suggest you read the &#8220;About us&#8221; page. If you have ideas to share with us, subjects to propose, a project to present to us, a question to ask us or if you simply want to [&hellip;]<\/p>\n","protected":false},"author":1,"featured_media":0,"parent":0,"menu_order":0,"comment_status":"closed","ping_status":"closed","template":"","meta":{"footnotes":""},"class_list":["post-347","page","type-page","status-publish"],"yoast_head":"<!-- This site is optimized with the Yoast SEO plugin v27.3 - https:\/\/yoast.com\/product\/yoast-seo-wordpress\/ -->\n<title>Contact - Space &amp; Cybersecurity Info<\/title>\n<meta name=\"robots\" content=\"index, follow, max-snippet:-1, max-image-preview:large, max-video-preview:-1\" \/>\n<link rel=\"canonical\" href=\"https:\/\/www.spacesecurity.info\/en\/contact\/\" \/>\n<meta property=\"og:locale\" content=\"en_US\" \/>\n<meta property=\"og:type\" content=\"article\" \/>\n<meta property=\"og:title\" content=\"Contact - Space &amp; Cybersecurity Info\" \/>\n<meta property=\"og:description\" content=\"Important information before contacting us To find out who we are and what the purpose of the site is, we suggest you read the &#8220;About us&#8221; page. If you have ideas to share with us, subjects to propose, a project to present to us, a question to ask us or if you simply want to [&hellip;]\" \/>\n<meta property=\"og:url\" content=\"https:\/\/www.spacesecurity.info\/en\/contact\/\" \/>\n<meta property=\"og:site_name\" content=\"Space &amp; Cybersecurity Info\" \/>\n<meta property=\"article:modified_time\" content=\"2020-05-17T23:00:32+00:00\" \/>\n<meta name=\"twitter:card\" content=\"summary_large_image\" \/>\n<meta name=\"twitter:label1\" content=\"Est. reading time\" \/>\n\t<meta name=\"twitter:data1\" content=\"1 minute\" \/>\n<script type=\"application\/ld+json\" class=\"yoast-schema-graph\">{\"@context\":\"https:\\\/\\\/schema.org\",\"@graph\":[{\"@type\":\"WebPage\",\"@id\":\"https:\\\/\\\/www.spacesecurity.info\\\/en\\\/contact\\\/\",\"url\":\"https:\\\/\\\/www.spacesecurity.info\\\/en\\\/contact\\\/\",\"name\":\"Contact - Space &amp; Cybersecurity Info\",\"isPartOf\":{\"@id\":\"https:\\\/\\\/www.spacesecurity.info\\\/en\\\/#website\"},\"datePublished\":\"2020-05-17T20:50:55+00:00\",\"dateModified\":\"2020-05-17T23:00:32+00:00\",\"breadcrumb\":{\"@id\":\"https:\\\/\\\/www.spacesecurity.info\\\/en\\\/contact\\\/#breadcrumb\"},\"inLanguage\":\"en-US\",\"potentialAction\":[{\"@type\":\"ReadAction\",\"target\":[\"https:\\\/\\\/www.spacesecurity.info\\\/en\\\/contact\\\/\"]}]},{\"@type\":\"BreadcrumbList\",\"@id\":\"https:\\\/\\\/www.spacesecurity.info\\\/en\\\/contact\\\/#breadcrumb\",\"itemListElement\":[{\"@type\":\"ListItem\",\"position\":1,\"name\":\"Accueil\",\"item\":\"https:\\\/\\\/www.spacesecurity.info\\\/en\\\/\"},{\"@type\":\"ListItem\",\"position\":2,\"name\":\"Contact\"}]},{\"@type\":\"WebSite\",\"@id\":\"https:\\\/\\\/www.spacesecurity.info\\\/en\\\/#website\",\"url\":\"https:\\\/\\\/www.spacesecurity.info\\\/en\\\/\",\"name\":\"Space Cybersecurity Info\",\"description\":\"La cybers\u00e9curit\u00e9 appliqu\u00e9e au domaine de l&#039;espace\",\"publisher\":{\"@id\":\"https:\\\/\\\/www.spacesecurity.info\\\/en\\\/#organization\"},\"potentialAction\":[{\"@type\":\"SearchAction\",\"target\":{\"@type\":\"EntryPoint\",\"urlTemplate\":\"https:\\\/\\\/www.spacesecurity.info\\\/en\\\/?s={search_term_string}\"},\"query-input\":{\"@type\":\"PropertyValueSpecification\",\"valueRequired\":true,\"valueName\":\"search_term_string\"}}],\"inLanguage\":\"en-US\"},{\"@type\":\"Organization\",\"@id\":\"https:\\\/\\\/www.spacesecurity.info\\\/en\\\/#organization\",\"name\":\"Space Security Info\",\"url\":\"https:\\\/\\\/www.spacesecurity.info\\\/en\\\/\",\"logo\":{\"@type\":\"ImageObject\",\"inLanguage\":\"en-US\",\"@id\":\"https:\\\/\\\/www.spacesecurity.info\\\/en\\\/#\\\/schema\\\/logo\\\/image\\\/\",\"url\":\"https:\\\/\\\/www.spacesecurity.info\\\/wp-content\\\/uploads\\\/2020\\\/05\\\/SSI-Logo-4.jpg\",\"contentUrl\":\"https:\\\/\\\/www.spacesecurity.info\\\/wp-content\\\/uploads\\\/2020\\\/05\\\/SSI-Logo-4.jpg\",\"width\":594,\"height\":144,\"caption\":\"Space Security Info\"},\"image\":{\"@id\":\"https:\\\/\\\/www.spacesecurity.info\\\/en\\\/#\\\/schema\\\/logo\\\/image\\\/\"}}]}<\/script>\n<!-- \/ Yoast SEO plugin. -->","yoast_head_json":{"title":"Contact - Space &amp; Cybersecurity Info","robots":{"index":"index","follow":"follow","max-snippet":"max-snippet:-1","max-image-preview":"max-image-preview:large","max-video-preview":"max-video-preview:-1"},"canonical":"https:\/\/www.spacesecurity.info\/en\/contact\/","og_locale":"en_US","og_type":"article","og_title":"Contact - Space &amp; Cybersecurity Info","og_description":"Important information before contacting us To find out who we are and what the purpose of the site is, we suggest you read the &#8220;About us&#8221; page. If you have ideas to share with us, subjects to propose, a project to present to us, a question to ask us or if you simply want to [&hellip;]","og_url":"https:\/\/www.spacesecurity.info\/en\/contact\/","og_site_name":"Space &amp; Cybersecurity Info","article_modified_time":"2020-05-17T23:00:32+00:00","twitter_card":"summary_large_image","twitter_misc":{"Est. reading time":"1 minute"},"schema":{"@context":"https:\/\/schema.org","@graph":[{"@type":"WebPage","@id":"https:\/\/www.spacesecurity.info\/en\/contact\/","url":"https:\/\/www.spacesecurity.info\/en\/contact\/","name":"Contact - Space &amp; Cybersecurity Info","isPartOf":{"@id":"https:\/\/www.spacesecurity.info\/en\/#website"},"datePublished":"2020-05-17T20:50:55+00:00","dateModified":"2020-05-17T23:00:32+00:00","breadcrumb":{"@id":"https:\/\/www.spacesecurity.info\/en\/contact\/#breadcrumb"},"inLanguage":"en-US","potentialAction":[{"@type":"ReadAction","target":["https:\/\/www.spacesecurity.info\/en\/contact\/"]}]},{"@type":"BreadcrumbList","@id":"https:\/\/www.spacesecurity.info\/en\/contact\/#breadcrumb","itemListElement":[{"@type":"ListItem","position":1,"name":"Accueil","item":"https:\/\/www.spacesecurity.info\/en\/"},{"@type":"ListItem","position":2,"name":"Contact"}]},{"@type":"WebSite","@id":"https:\/\/www.spacesecurity.info\/en\/#website","url":"https:\/\/www.spacesecurity.info\/en\/","name":"Space Cybersecurity Info","description":"La cybers\u00e9curit\u00e9 appliqu\u00e9e au domaine de l&#039;espace","publisher":{"@id":"https:\/\/www.spacesecurity.info\/en\/#organization"},"potentialAction":[{"@type":"SearchAction","target":{"@type":"EntryPoint","urlTemplate":"https:\/\/www.spacesecurity.info\/en\/?s={search_term_string}"},"query-input":{"@type":"PropertyValueSpecification","valueRequired":true,"valueName":"search_term_string"}}],"inLanguage":"en-US"},{"@type":"Organization","@id":"https:\/\/www.spacesecurity.info\/en\/#organization","name":"Space Security Info","url":"https:\/\/www.spacesecurity.info\/en\/","logo":{"@type":"ImageObject","inLanguage":"en-US","@id":"https:\/\/www.spacesecurity.info\/en\/#\/schema\/logo\/image\/","url":"https:\/\/www.spacesecurity.info\/wp-content\/uploads\/2020\/05\/SSI-Logo-4.jpg","contentUrl":"https:\/\/www.spacesecurity.info\/wp-content\/uploads\/2020\/05\/SSI-Logo-4.jpg","width":594,"height":144,"caption":"Space Security Info"},"image":{"@id":"https:\/\/www.spacesecurity.info\/en\/#\/schema\/logo\/image\/"}}]}},"_links":{"self":[{"href":"https:\/\/www.spacesecurity.info\/en\/wp-json\/wp\/v2\/pages\/347","targetHints":{"allow":["GET"]}}],"collection":[{"href":"https:\/\/www.spacesecurity.info\/en\/wp-json\/wp\/v2\/pages"}],"about":[{"href":"https:\/\/www.spacesecurity.info\/en\/wp-json\/wp\/v2\/types\/page"}],"author":[{"embeddable":true,"href":"https:\/\/www.spacesecurity.info\/en\/wp-json\/wp\/v2\/users\/1"}],"replies":[{"embeddable":true,"href":"https:\/\/www.spacesecurity.info\/en\/wp-json\/wp\/v2\/comments?post=347"}],"version-history":[{"count":3,"href":"https:\/\/www.spacesecurity.info\/en\/wp-json\/wp\/v2\/pages\/347\/revisions"}],"predecessor-version":[{"id":351,"href":"https:\/\/www.spacesecurity.info\/en\/wp-json\/wp\/v2\/pages\/347\/revisions\/351"}],"wp:attachment":[{"href":"https:\/\/www.spacesecurity.info\/en\/wp-json\/wp\/v2\/media?parent=347"}],"curies":[{"name":"wp","href":"https:\/\/api.w.org\/{rel}","templated":true}]}}